{"id":1965,"date":"2019-11-05T11:01:52","date_gmt":"2019-11-05T10:01:52","guid":{"rendered":"http:\/\/librairiedelagarebe.webhosting.be\/?page_id=1965"},"modified":"2025-12-17T16:16:50","modified_gmt":"2025-12-17T15:16:50","slug":"la-piscine","status":"publish","type":"page","link":"https:\/\/piscinelongchamp.be\/fr\/la-piscine\/","title":{"rendered":"La piscine"},"content":{"rendered":"<div class=\"wpb-content-wrapper\"><p>[vc_row row_type=&#8221;row_full_center_content&#8221; padding_top=&#8221;10&#8243; padding_bottom=&#8221;10&#8243;][vc_column width=&#8221;1\/2&#8243;]\n\t<div class=\"custom-heading wpb_content_element \">\n\t\t<h2 class=\"heading-title\" >INFRASTRUCTURE &amp; SERVICES<\/h2>\n\t\t<span class=\"heading-line primary\"><\/span>\n\t<\/div>[vc_column_text]<\/p>\n<ul>\n<li>1 piscine (de 33,33 x 16,66m)<\/li>\n<li>1 bassin d\u2019apprentissage (de 15 x 12,5m)<\/li>\n<li>des douches<\/li>\n<li>solarium en \u00e9t\u00e9 (+2\u20ac)<\/li>\n<li>1 caf\u00e9t\u00e9ria<\/li>\n<\/ul>\n<p>[\/vc_column_text][\/vc_column][vc_column width=&#8221;1\/2&#8243;][vc_single_image image=&#8221;2294&#8243; img_size=&#8221;full&#8221; alignment=&#8221;center&#8221;][\/vc_column][\/vc_row][vc_row][vc_column][vc_empty_space height=&#8221;50px&#8221;][\/vc_column][\/vc_row][vc_row row_type=&#8221;row_full_center_content&#8221; padding_top=&#8221;10&#8243; padding_bottom=&#8221;10&#8243;][vc_column width=&#8221;1\/2&#8243;][vc_single_image image=&#8221;2295&#8243; img_size=&#8221;full&#8221; alignment=&#8221;center&#8221; css_animation=&#8221;fadeIn&#8221;][\/vc_column][vc_column width=&#8221;1\/2&#8243;]\n\t<div class=\"custom-heading wpb_content_element \">\n\t\t<h2 class=\"heading-title\" >Qualit\u00e9 de l'eau<\/h2>\n\t\t<span class=\"heading-line primary\"><\/span>\n\t<\/div>[vc_column_text]La qualit\u00e9 bact\u00e9riologique de l\u2019eau de la\u00a0<strong>piscine de Longchamp<\/strong>\u00a0est\u00a0<u>l&#8217;une des meilleures de Bruxelles<\/u>.<\/p>\n<p>En effet la piscine d\u2019Uccle utilise une d\u00e9sinfection chlore et un syst\u00e8me compl\u00e9mentaire PWT (ultraviolet) qui font chuter le taux de chloramine dans l\u2019eau et dans l\u2019air.<\/p>\n<p>La piscine figure d&#8217;ailleurs chaque ann\u00e9e dans le haut de classement des piscines les plus propres de Bruxelles. Ce classement est \u00e9tabli par Brulabo, le laboratoire intercommunal charg\u00e9 d&#8217;examiner la qualit\u00e9 de l&#8217;eau des bassins de natation \u00e0 Bruxelles.[\/vc_column_text]\n\t<div class=\"custom-heading wpb_content_element \">\n\t\t<h2 class=\"heading-title\" >Temp\u00e9rature de l'eau<\/h2>\n\t\t<span class=\"heading-line primary\"><\/span>\n\t<\/div>[vc_column_text]<\/p>\n<ul>\n<li>Grand bassin : 27,5\u00b0<\/li>\n<li>Petit bassin 28,5\u00b0<\/li>\n<\/ul>\n<p>[\/vc_column_text][\/vc_column][\/vc_row]<\/p>\n<\/div>","protected":false},"excerpt":{"rendered":"<p>[vc_row row_type=&#8221;row_full_center_content&#8221; padding_top=&#8221;10&#8243; padding_bottom=&#8221;10&#8243;][vc_column width=&#8221;1\/2&#8243;][vc_column_text] 1 piscine (de 33,33 x 16,66m) 1 bassin d\u2019apprentissage (de 15 x 12,5m) des douches solarium &#8230;<\/p>\n","protected":false},"author":1,"featured_media":2008,"parent":0,"menu_order":0,"comment_status":"closed","ping_status":"closed","template":"","meta":{"footnotes":""},"class_list":["post-1965","page","type-page","status-publish","has-post-thumbnail","hentry"],"_links":{"self":[{"href":"https:\/\/piscinelongchamp.be\/fr\/wp-json\/wp\/v2\/pages\/1965","targetHints":{"allow":["GET"]}}],"collection":[{"href":"https:\/\/piscinelongchamp.be\/fr\/wp-json\/wp\/v2\/pages"}],"about":[{"href":"https:\/\/piscinelongchamp.be\/fr\/wp-json\/wp\/v2\/types\/page"}],"author":[{"embeddable":true,"href":"https:\/\/piscinelongchamp.be\/fr\/wp-json\/wp\/v2\/users\/1"}],"replies":[{"embeddable":true,"href":"https:\/\/piscinelongchamp.be\/fr\/wp-json\/wp\/v2\/comments?post=1965"}],"version-history":[{"count":22,"href":"https:\/\/piscinelongchamp.be\/fr\/wp-json\/wp\/v2\/pages\/1965\/revisions"}],"predecessor-version":[{"id":2671,"href":"https:\/\/piscinelongchamp.be\/fr\/wp-json\/wp\/v2\/pages\/1965\/revisions\/2671"}],"wp:featuredmedia":[{"embeddable":true,"href":"https:\/\/piscinelongchamp.be\/fr\/wp-json\/"}],"wp:attachment":[{"href":"https:\/\/piscinelongchamp.be\/fr\/wp-json\/wp\/v2\/media?parent=1965"}],"curies":[{"name":"wp","href":"https:\/\/api.w.org\/{rel}","templated":true}]}}