{"id":2343,"date":"2020-08-08T16:47:21","date_gmt":"2020-08-08T16:47:21","guid":{"rendered":"https:\/\/piscinelongchampbe.webhosting.be\/?page_id=2343"},"modified":"2025-12-19T09:38:16","modified_gmt":"2025-12-19T08:38:16","slug":"tarifs","status":"publish","type":"page","link":"https:\/\/piscinelongchamp.be\/fr\/tarifs\/","title":{"rendered":"Tarifs"},"content":{"rendered":"<div class=\"wpb-content-wrapper\"><p>[vc_row row_type=&#8221;row_full_center_content&#8221; padding_top=&#8221;10&#8243; padding_bottom=&#8221;10&#8243;][vc_column width=&#8221;1\/2&#8243;]\n\t<div class=\"custom-heading wpb_content_element \">\n\t\t<h2 class=\"heading-title\" >Voici le nouveau tarif janvier 2026<\/h2>\n\t\t<span class=\"heading-line primary\"><\/span>\n\t<\/div>[vc_column_text css=&#8221;&#8221;]<\/p>\n<ul>\n<li>Moins de 3 ans : gratuit<\/li>\n<li>Moins de 18 ans Ucclois \/ non-Ucclois : 3,60\u20ac \/ 5,00\u20ac<\/li>\n<li>Adulte Ucclois \/ non-Ucclois \u00a0: 4,20\u20ac \/ 6,00\u20ac<\/li>\n<li>Senior Ucclois \/ non-Ucclois \u00a0: 3,60\u20ac \/ 5,00\u20ac<\/li>\n<li>Famille Nombreuse Uccloise \/ non-Uccloise : 3,60\u20ac \/ 5,00\u20ac<\/li>\n<li>Etudiant Ucclois \/ non-Ucclois : 3,60\u20ac \/ 5,00\u20ac<\/li>\n<li>Personne \u00e0 mobilit\u00e9 r\u00e9duite Uccloise \/ non-Uccloise : 2,50\u20ac \/ 3,00\u20ac<\/li>\n<li>Carte de 10 bains -18 ans Uccle \/ non-Ucclois : 33,00\u20ac \/ 44,00\u20ac<\/li>\n<li>Carte de 10 bains Etudiant Ucclois \/ non-Ucclois : 33,00\u20ac \/ 44,00\u20ac<\/li>\n<li>Carte de 10 bains Senior Ucclois \/ non-Ucclois : 33,00\u20ac \/ 44,00\u20ac<\/li>\n<li>Carte de 10 bains Adulte Ucclois \/ non-Ucclois : 36,00\u20ac \/ 55,00\u20ac<\/li>\n<li>Carte de 10 bains Personne \u00e0 mobilit\u00e9 r\u00e9duite Uccloise : 22,00\u20ac<\/li>\n<li>Carte de 10 bains Personne \u00e0 mobilit\u00e9 r\u00e9duite non-Uccloise : 27,50\u20ac<\/li>\n<li>Carte de 10 bains Personnel Commune d&#8217;Uccle : 33,00\u20ac<\/li>\n<li>Solarium : 2,20\u20ac<\/li>\n<\/ul>\n<p>[\/vc_column_text][\/vc_column][vc_column width=&#8221;1\/2&#8243;][vc_single_image image=&#8221;2294&#8243; img_size=&#8221;full&#8221; alignment=&#8221;center&#8221; css_animation=&#8221;fadeIn&#8221;][vc_single_image image=&#8221;2295&#8243; img_size=&#8221;full&#8221; alignment=&#8221;center&#8221; css_animation=&#8221;fadeIn&#8221;][\/vc_column][\/vc_row]<\/p>\n<\/div>","protected":false},"excerpt":{"rendered":"<p>[vc_row row_type=&#8221;row_full_center_content&#8221; padding_top=&#8221;10&#8243; padding_bottom=&#8221;10&#8243;][vc_column width=&#8221;1\/2&#8243;][vc_column_text css=&#8221;&#8221;] Moins de 3 ans : gratuit Moins de 18 ans Ucclois \/ non-Ucclois : 3,60\u20ac &#8230;<\/p>\n","protected":false},"author":1,"featured_media":2008,"parent":0,"menu_order":0,"comment_status":"closed","ping_status":"closed","template":"","meta":{"footnotes":""},"class_list":["post-2343","page","type-page","status-publish","has-post-thumbnail","hentry"],"_links":{"self":[{"href":"https:\/\/piscinelongchamp.be\/fr\/wp-json\/wp\/v2\/pages\/2343","targetHints":{"allow":["GET"]}}],"collection":[{"href":"https:\/\/piscinelongchamp.be\/fr\/wp-json\/wp\/v2\/pages"}],"about":[{"href":"https:\/\/piscinelongchamp.be\/fr\/wp-json\/wp\/v2\/types\/page"}],"author":[{"embeddable":true,"href":"https:\/\/piscinelongchamp.be\/fr\/wp-json\/wp\/v2\/users\/1"}],"replies":[{"embeddable":true,"href":"https:\/\/piscinelongchamp.be\/fr\/wp-json\/wp\/v2\/comments?post=2343"}],"version-history":[{"count":40,"href":"https:\/\/piscinelongchamp.be\/fr\/wp-json\/wp\/v2\/pages\/2343\/revisions"}],"predecessor-version":[{"id":2675,"href":"https:\/\/piscinelongchamp.be\/fr\/wp-json\/wp\/v2\/pages\/2343\/revisions\/2675"}],"wp:featuredmedia":[{"embeddable":true,"href":"https:\/\/piscinelongchamp.be\/fr\/wp-json\/"}],"wp:attachment":[{"href":"https:\/\/piscinelongchamp.be\/fr\/wp-json\/wp\/v2\/media?parent=2343"}],"curies":[{"name":"wp","href":"https:\/\/api.w.org\/{rel}","templated":true}]}}