{"id":855,"date":"2015-02-05T10:21:41","date_gmt":"2015-02-05T10:21:41","guid":{"rendered":"http:\/\/demo.wpcharming.com\/construction\/?page_id=21"},"modified":"2025-09-18T11:00:50","modified_gmt":"2025-09-18T09:00:50","slug":"presentation","status":"publish","type":"page","link":"https:\/\/piscinelongchamp.be\/fr\/","title":{"rendered":"Accueil"},"content":{"rendered":"<div class=\"wpb-content-wrapper\"><p>[vc_row row_type=&#8221;row_fullwidth_content&#8221; margin_top=&#8221;-80&#8243; padding_bottom=&#8221;0&#8243; class=&#8221;fit-screen&#8221;][vc_column][rev_slider_vc alias=&#8221;longchamp&#8221;][\/vc_column][\/vc_row][vc_row row_type=&#8221;row_full_center_content&#8221; bg_color=&#8221;#1e73be&#8221; padding_top=&#8221;20&#8243; padding_bottom=&#8221;20&#8243; full_height=&#8221;yes&#8221;][vc_column width=&#8221;2\/3&#8243; el_class=&#8221;mobile-center&#8221;][vc_column_text]<\/p>\n<h3><span style=\"color: #ffffff; display: block; margin-top: 2px;\">La piscine d&#8217;uccle Longchamp est un endroit unique<\/span><\/h3>\n<p>[\/vc_column_text][\/vc_column][vc_column width=&#8221;1\/3&#8243; el_class=&#8221;mobile-center&#8221;][vc_btn title=&#8221;D\u00e9couvrir la piscine&#8221; align=&#8221;right&#8221; link=&#8221;url:%2Fla-piscine%2F|title:D%C3%A9couvrir%20la%20piscine||&#8221;][\/vc_column][\/vc_row][vc_row row_type=&#8221;row_full_center_content&#8221;][vc_column]\n\t<div class=\"custom-heading wpb_content_element  text-center\">\n\t\t<h2 class=\"heading-title\" >PISCINE D'UCCLE - LONGCHAMP<\/h2>\n\t\t<span class=\"heading-line primary\"><\/span>\n\t<\/div>[\/vc_column][\/vc_row][vc_row row_type=&#8221;row_full_center_content&#8221;][vc_column width=&#8221;1\/2&#8243;][vc_single_image image=&#8221;2295&#8243; img_size=&#8221;full&#8221; alignment=&#8221;center&#8221; style=&#8221;vc_box_rounded&#8221; css_animation=&#8221;fadeIn&#8221;][vc_column_text]<\/p>\n<p>[\/vc_column_text][\/vc_column][vc_column width=&#8221;1\/2&#8243;][vc_column_text]La\u00a0<b>piscine d&#8217;Uccle<\/b>\u00a0aussi appel\u00e9e\u00a0<b>piscine Longchamp<\/b> propose une piscine de 33 m\u00e8tres, un bassin d&#8217;apprentissage, des douches, une caf\u00e9t\u00e9ria et des cours de natation, aquagym, aquabike, plong\u00e9e, triathlon, solarium en \u00e9t\u00e9.<\/p>\n<p>La qualit\u00e9 bact\u00e9riologique de l\u2019eau de la\u00a0<strong>piscine de Longchamp<\/strong>\u00a0est\u00a0<u>l&#8217;une des meilleures de Bruxelles<\/u>.<\/p>\n<p>En effet la piscine d\u2019Uccle utilise une d\u00e9sinfection chlore et un syst\u00e8me compl\u00e9mentaire PWT (ultraviolet) qui font chuter le taux de chloramine dans l\u2019eau et dans l\u2019air.<\/p>\n<p>La piscine figure d&#8217;ailleurs chaque ann\u00e9e dans le haut de classement des piscines les plus propres de Bruxelles. Ce classement est \u00e9tabli par Brulabo, le laboratoire intercommunal charg\u00e9 d&#8217;examiner la qualit\u00e9 de l&#8217;eau des bassins de natation \u00e0 Bruxelles.[\/vc_column_text][\/vc_column][\/vc_row][vc_row row_type=&#8221;row_full_center_content&#8221; bg_image=&#8221;2298&#8243; bg_position=&#8221;center bottom&#8221; row_parallax=&#8221;false&#8221; row_color_overlay=&#8221;#7a7a7a&#8221; row_text_color=&#8221;row_text_light&#8221; padding_top=&#8221;150&#8243; padding_bottom=&#8221;150&#8243;][vc_column][vc_column_text]<\/p>\n<h5 class=\"medium-heading-inverted\"><em>PISCINE d&#8217;UCCLE LONGCHAMP<br \/>\n<\/em><\/h5>\n<h1 class=\"large-heading-inverted\">Votre espace d\u00e9tente \u00e0 proximit\u00e9 de la ville<\/h1>\n<p>[\/vc_column_text][\/vc_column][\/vc_row]<\/p>\n<\/div>","protected":false},"excerpt":{"rendered":"<p>[vc_row row_type=&#8221;row_fullwidth_content&#8221; margin_top=&#8221;-80&#8243; padding_bottom=&#8221;0&#8243; class=&#8221;fit-screen&#8221;][vc_column][rev_slider_vc alias=&#8221;longchamp&#8221;][\/vc_column][\/vc_row][vc_row row_type=&#8221;row_full_center_content&#8221; bg_color=&#8221;#1e73be&#8221; padding_top=&#8221;20&#8243; padding_bottom=&#8221;20&#8243; full_height=&#8221;yes&#8221;][vc_column width=&#8221;2\/3&#8243; el_class=&#8221;mobile-center&#8221;][vc_column_text] La piscine d&#8217;uccle Longchamp est un endroit unique &#8230;<\/p>\n","protected":false},"author":1,"featured_media":1434,"parent":0,"menu_order":0,"comment_status":"closed","ping_status":"closed","template":"","meta":{"footnotes":""},"class_list":["post-855","page","type-page","status-publish","has-post-thumbnail","hentry"],"_links":{"self":[{"href":"https:\/\/piscinelongchamp.be\/fr\/wp-json\/wp\/v2\/pages\/855","targetHints":{"allow":["GET"]}}],"collection":[{"href":"https:\/\/piscinelongchamp.be\/fr\/wp-json\/wp\/v2\/pages"}],"about":[{"href":"https:\/\/piscinelongchamp.be\/fr\/wp-json\/wp\/v2\/types\/page"}],"author":[{"embeddable":true,"href":"https:\/\/piscinelongchamp.be\/fr\/wp-json\/wp\/v2\/users\/1"}],"replies":[{"embeddable":true,"href":"https:\/\/piscinelongchamp.be\/fr\/wp-json\/wp\/v2\/comments?post=855"}],"version-history":[{"count":33,"href":"https:\/\/piscinelongchamp.be\/fr\/wp-json\/wp\/v2\/pages\/855\/revisions"}],"predecessor-version":[{"id":2658,"href":"https:\/\/piscinelongchamp.be\/fr\/wp-json\/wp\/v2\/pages\/855\/revisions\/2658"}],"wp:featuredmedia":[{"embeddable":true,"href":"https:\/\/piscinelongchamp.be\/fr\/wp-json\/"}],"wp:attachment":[{"href":"https:\/\/piscinelongchamp.be\/fr\/wp-json\/wp\/v2\/media?parent=855"}],"curies":[{"name":"wp","href":"https:\/\/api.w.org\/{rel}","templated":true}]}}