{"id":2028,"date":"2019-11-05T14:27:50","date_gmt":"2019-11-05T13:27:50","guid":{"rendered":"http:\/\/librairiedelagarebe.webhosting.be\/?page_id=2028"},"modified":"2024-10-07T20:40:06","modified_gmt":"2024-10-07T18:40:06","slug":"mentions-legales","status":"publish","type":"page","link":"https:\/\/piscinelongchamp.be\/nl\/mentions-legales\/","title":{"rendered":"Mentions l\u00e9gales"},"content":{"rendered":"<div class=\"wpb-content-wrapper\"><p>[vc_row padding_top=&#8221;10&#8243; padding_bottom=&#8221;0&#8243;][vc_column][vc_column_text]Editeur : LA PISCINE UCCLE LONGCHAMP<br \/>\n1. Propri\u00e9t\u00e9 intellectuelle<br \/>\nToutes les illustrations des produits et tous les supports pr\u00e9sents sur le site sont la propri\u00e9t\u00e9 de LA PISCINE UCCLE LONGCHAMP et ne peuvent \u00eatre copi\u00e9s, reproduits ou stock\u00e9s de toute autre mani\u00e8re, ni \u00e0 toute fin autre que celle inh\u00e9rente \u00e0 la consultation en ligne de la page.<br \/>\n2. Exactitude des donn\u00e9es<br \/>\nLes d\u00e9tails de certains produits et de certains services illustr\u00e9(e)s sur ce site peuvent diff\u00e9rer du v\u00e9ritable produit ou du v\u00e9ritable service. Les couleurs repr\u00e9sent\u00e9es ne peuvent donner qu\u2019une impression g\u00e9n\u00e9rale de la r\u00e9alit\u00e9 et d\u00e9pendent \u00e9galement des param\u00e8tres de r\u00e9glage de votre \u00e9cran. Les suppl\u00e9ments pr\u00e9sent\u00e9s sont disponibles moyennant un surco\u00fbt, \u00e0 moins qu\u2019il n\u2019en soit pr\u00e9cis\u00e9 autrement. Les informations disponibles sur ce site ont \u00e9t\u00e9 compil\u00e9es \u00e0 partir des donn\u00e9es les plus r\u00e9centes disponibles au moment du lancement du site. LA PISCINE UCCLE LONGCHAMP rejette cependant toute responsabilit\u00e9 d\u00e9coulant de la pr\u00e9sence \u00e9ventuelle d\u2019erreurs. LA PISCINE UCCLE LONGCHAMP se r\u00e9serve \u00e9galement le droit de proc\u00e9der, \u00e0 tout moment, \u00e0 certaines modifications de prix, voire \u00e0 modifier la construction et l\u2019ex\u00e9cution de ses produits, sans endosser la moindre obligation en termes de modification des produits ant\u00e9rieurement livr\u00e9s. Le distributeur LA PISCINE UCCLE LONGCHAMP vous fournira sur simple demande tous les renseignements en la mati\u00e8re.<br \/>\n3. Protection des donn\u00e9es<br \/>\nLA PISCINE UCCLE LONGCHAMP respecte la vie priv\u00e9e de tous les visiteurs de ce site. Les paragraphes ci-dessous vous pr\u00e9cisent le mode de collecte des donn\u00e9es personnelles et l\u2019utilisation que LA PISCINE UCCLE LONGCHAMP fait de ces donn\u00e9es.<br \/>\n3.1. Donn\u00e9es personnelles<br \/>\nLA PISCINE UCCLE LONGCHAMP ne collecte aucune donn\u00e9e \u00e0 caract\u00e8re personnel qui n\u2019aurait pas \u00e9t\u00e9 spontan\u00e9ment transmise.<br \/>\nSi le visiteur s\u2019inscrit pour recevoir des informations par courrier \u00e9lectronique, ledit visiteur autorise LA PISCINE UCCLE LONGCHAMP \u00e0 stocker ses donn\u00e9es \u00e0 caract\u00e8re personnel dans un fichier de LA PISCINE UCCLE LONGCHAMP, afin de r\u00e9aliser une gestion automatis\u00e9e de la client\u00e8le et des \u00e9tudes de march\u00e9. Lors de chaque communication par courrier \u00e9lectronique, le visiteur aura la possibilit\u00e9 de refuser tout envoi ult\u00e9rieur d\u2019informations.<br \/>\nSi le visiteur s\u2019inscrit pour recevoir des informations par courrier postal, il a la possibilit\u00e9 de fournir ces donn\u00e9es aux seules fins du traitement de sa demande sp\u00e9cifique ou de les fournir en vue de recevoir \u00e0 l\u2019avenir d\u2019autres informations. Dans ce dernier cas, le visiteur autorise LA PISCINE UCCLE LONGCHAMP \u00e0 stocker ses donn\u00e9es \u00e0 caract\u00e8re personnel dans un fichier de LA PISCINE UCCLE LONGCHAMP afin de r\u00e9aliser une gestion automatis\u00e9e de la client\u00e8le et des \u00e9tudes de march\u00e9.<br \/>\n3.2. Transmission des donn\u00e9es<br \/>\nLes renseignements fournis peuvent \u00eatre transmis aux entreprises li\u00e9es \u00e0 LA PISCINE UCCLE LONGCHAMP par des liens contractuels ou en vertu du droit des soci\u00e9t\u00e9s. Le visiteur a le droit de consulter, voire de rectifier, les donn\u00e9es qui le concernent.<br \/>\n3.3. Droit de consultation et de r\u00e9tractation<br \/>\nVous avez \u00e9galement le droit de vous opposer sans frais au traitement de vos donn\u00e9es \u00e0 des fins de marketing direct. Vous pouvez adresser votre demande de consultation, de rectification ou d\u2019opposition \u00e0 LA PISCINE UCCLE LONGCHAMP.<br \/>\n4. Cookies<br \/>\nLors de votre visite sur notre site, LA PISCINE UCCLE LONGCHAMP , ainsi qu\u2019\u00e9ventuellement d\u2019autres soci\u00e9t\u00e9s partenaires, sont susceptibles d\u2019implanter un cookie dans votre ordinateur. Un cookie est un petit bloc de donn\u00e9es envoy\u00e9 \u00e0 votre navigateur par un serveur web et stock\u00e9 sur le disque dur de votre ordinateur. De mani\u00e8re g\u00e9n\u00e9rale, il nous permet d\u2019enregistrer des informations relatives \u00e0 la navigation de votre ordinateur sur notre site (les pages que vous avez consult\u00e9es, la date et l\u2019heure de la consultation, etc.) que nous pourrons lire lors de vos visites ult\u00e9rieures, afin d\u2019am\u00e9liorer en les contenus et services propos\u00e9s par le site.<br \/>\n4.1 Quels types de cookies utilisons-nous ?<br \/>\nNous distinguons plusieurs types de cookies, en fonction de l\u2019objectif poursuivi :<br \/>\n\u2013 Cookies essentiels<br \/>\nCes cookies sont strictement n\u00e9cessaires au fonctionnement de notre site internet et ne peuvent pas \u00eatre d\u00e9sactiv\u00e9s dans nos syst\u00e8mes. Ils sont places sur votre ordinateur en r\u00e9ponse \u00e0 certaines de vos actions, comme vos param\u00e8tres de confidentialit\u00e9, votre connexion sur notre site internet ou l\u2019envoi d\u2019un formulaire.<br \/>\n\u2013 Cookies non-essentiels<br \/>\nCes cookies ne sont pas n\u00e9cessaires au fonctionnement de notre site internet mais nous permettent d\u2019offrir une exp\u00e9rience d\u2019utilisation am\u00e9lior\u00e9e et personnalis\u00e9e.<br \/>\nNous utilisons des cookies analytiques. Ceux-ci nous permettent de suivre les visites et le trafic sur notre site internet afin de mesurer et d\u2019am\u00e9liorer ses performances. Ces cookies nous permettent de savoir quelles pages sont les plus ou les moins populaires et de connaitre la mani\u00e8re dont les visiteurs se d\u00e9placent sur le site.<br \/>\n4.2 la gestion des cookies<br \/>\nPour accepter ou refuser l\u2019installation de cookies, vous devez param\u00e9trer votre navigateur Internet. La configuration de chaque navigateur \u00e9tant diff\u00e9rente, elle est d\u00e9crite dans le menu d\u2019aide de votre navigateur, qui vous permettra de savoir de quelle mani\u00e8re modifier vos souhaits en mati\u00e8re de cookies.<br \/>\nVous pouvez les d\u00e9sactiver de la fa\u00e7on suivante :<br \/>\nInternet Explorer<br \/>\n1. Choisissez le menu \u00ab Outils \u00bb, puis \u00ab Options Internet \u00bb<br \/>\n2. Cliquez sur l\u2019onglet \u00ab Confidentialit\u00e9 \u00bb<br \/>\n3. S\u00e9lectionnez le niveau souhait\u00e9 \u00e0 l\u2019aide du curseur<br \/>\nMozilla Firefox<br \/>\n1. Choisissez le menu \u00ab Outils \u00bb puis \u00ab Options \u00bb<br \/>\n2. Cliquez sur l\u2019onglet \u00ab Vie priv\u00e9e \u00bb<br \/>\n3. Dans la liste d\u00e9roulante \u00ab R\u00e8gles de conservation \u00bb s\u00e9lectionnez le niveau souhait\u00e9<br \/>\nGoogle Chrome<br \/>\n1. Cliquez sur l\u2019ic\u00f4ne permettant d\u2019afficher le menu des param\u00e8tres<br \/>\n2. Cliquez sur \u00ab Options \u00bb<br \/>\n3. Dans la zone \u00ab Historique \u00bb, s\u00e9lectionnez \u00ab utiliser les param\u00e8tres personnalis\u00e9s pour l\u2019historique \u00bb<br \/>\n4. Choisissez le niveau souhait\u00e9<br \/>\nSafari<br \/>\n1. Cliquez dans le menu \u00ab Safari \u00bb<br \/>\n2. Cliquez sur \u00ab Pr\u00e9f\u00e9rences \u00bb<br \/>\n3. Dans l\u2019onglet \u00ab S\u00e9curit\u00e9 \u00bb s\u00e9lectionnez le niveau souhait\u00e9[\/vc_column_text][\/vc_column][\/vc_row]<\/p>\n<\/div>","protected":false},"excerpt":{"rendered":"<p>[vc_row padding_top=&#8221;10&#8243; padding_bottom=&#8221;0&#8243;][vc_column][vc_column_text]Editeur : LA PISCINE UCCLE LONGCHAMP 1. Propri\u00e9t\u00e9 intellectuelle Toutes les illustrations des produits et tous les supports pr\u00e9sents &#8230;<\/p>\n","protected":false},"author":1,"featured_media":0,"parent":0,"menu_order":0,"comment_status":"closed","ping_status":"closed","template":"","meta":{"footnotes":""},"class_list":["post-2028","page","type-page","status-publish","hentry"],"_links":{"self":[{"href":"https:\/\/piscinelongchamp.be\/nl\/wp-json\/wp\/v2\/pages\/2028","targetHints":{"allow":["GET"]}}],"collection":[{"href":"https:\/\/piscinelongchamp.be\/nl\/wp-json\/wp\/v2\/pages"}],"about":[{"href":"https:\/\/piscinelongchamp.be\/nl\/wp-json\/wp\/v2\/types\/page"}],"author":[{"embeddable":true,"href":"https:\/\/piscinelongchamp.be\/nl\/wp-json\/wp\/v2\/users\/1"}],"replies":[{"embeddable":true,"href":"https:\/\/piscinelongchamp.be\/nl\/wp-json\/wp\/v2\/comments?post=2028"}],"version-history":[{"count":1,"href":"https:\/\/piscinelongchamp.be\/nl\/wp-json\/wp\/v2\/pages\/2028\/revisions"}],"predecessor-version":[{"id":2428,"href":"https:\/\/piscinelongchamp.be\/nl\/wp-json\/wp\/v2\/pages\/2028\/revisions\/2428"}],"wp:attachment":[{"href":"https:\/\/piscinelongchamp.be\/nl\/wp-json\/wp\/v2\/media?parent=2028"}],"curies":[{"name":"wp","href":"https:\/\/api.w.org\/{rel}","templated":true}]}}